{"id":344,"date":"2025-03-26T16:05:29","date_gmt":"2025-03-26T16:05:29","guid":{"rendered":"https:\/\/base-lab.be\/privacy-policy\/"},"modified":"2025-03-26T18:54:14","modified_gmt":"2025-03-26T18:54:14","slug":"privacy-policy","status":"publish","type":"page","link":"https:\/\/base-lab.be\/fr\/privacy-policy\/","title":{"rendered":"Privacy Policy"},"content":{"rendered":"<p>[et_pb_section fb_built=\u00a0\u00bb1&Prime; custom_padding_last_edited=\u00a0\u00bbon|phone\u00a0\u00bb _builder_version=\u00a0\u00bb4.27.2&Prime; _module_preset=\u00a0\u00bbdefault\u00a0\u00bb background_color=\u00a0\u00bb#F2F2F2&Prime; custom_padding=\u00a0\u00bb9rem|40px|0px|40px|false|true\u00a0\u00bb custom_padding_tablet=\u00a0\u00bb|40px|0px|40px|false|true\u00a0\u00bb custom_padding_phone=\u00a0\u00bb5rem|15px|0px|15px|false|true\u00a0\u00bb locked=\u00a0\u00bboff\u00a0\u00bb global_colors_info=\u00a0\u00bb{}\u00a0\u00bb theme_builder_area=\u00a0\u00bbpost_content\u00a0\u00bb][et_pb_row custom_padding_last_edited=\u00a0\u00bbon|phone\u00a0\u00bb _builder_version=\u00a0\u00bb4.27.2&Prime; _module_preset=\u00a0\u00bbdefault\u00a0\u00bb background_color=\u00a0\u00bb#FFFFFF\u00a0\u00bb width=\u00a0\u00bb100%\u00a0\u00bb max_width=\u00a0\u00bb1112px\u00a0\u00bb min_height=\u00a0\u00bb100vh\u00a0\u00bb custom_padding=\u00a0\u00bb50px|40px|50px|40px|true|true\u00a0\u00bb custom_padding_tablet=\u00a0\u00bb50px|40px|50px|40px|true|true\u00a0\u00bb custom_padding_phone=\u00a0\u00bb30px|20px|30px|20px|true|true\u00a0\u00bb global_colors_info=\u00a0\u00bb{}\u00a0\u00bb theme_builder_area=\u00a0\u00bbpost_content\u00a0\u00bb][et_pb_column type=\u00a0\u00bb4_4&Prime; _builder_version=\u00a0\u00bb4.27.2&Prime; _module_preset=\u00a0\u00bbdefault\u00a0\u00bb global_colors_info=\u00a0\u00bb{}\u00a0\u00bb theme_builder_area=\u00a0\u00bbpost_content\u00a0\u00bb][et_pb_text _builder_version=\u00a0\u00bb4.27.2&Prime; _module_preset=\u00a0\u00bbeeb9c6e9-6e9e-436d-8f87-0dd8c2a595d5&Prime; header_2_text_align=\u00a0\u00bbleft\u00a0\u00bb custom_margin=\u00a0\u00bb||0.5rem||false|false\u00a0\u00bb custom_margin_tablet=\u00a0\u00bb||0.5rem||false|false\u00a0\u00bb custom_margin_phone=\u00a0\u00bb||0.5rem||false|false\u00a0\u00bb custom_margin_last_edited=\u00a0\u00bbon|tablet\u00a0\u00bb animation_style=\u00a0\u00bbfade\u00a0\u00bb hover_enabled=\u00a0\u00bb0&Prime; global_colors_info=\u00a0\u00bb{}\u00a0\u00bb theme_builder_area=\u00a0\u00bbpost_content\u00a0\u00bb sticky_enabled=\u00a0\u00bb0&Prime;]<\/p>\n<h2>Privacy Policy<\/h2>\n<p>[\/et_pb_text][et_pb_text _builder_version=\u00a0\u00bb4.27.2&Prime; _module_preset=\u00a0\u00bbeeb9c6e9-6e9e-436d-8f87-0dd8c2a595d5&Prime; header_2_text_align=\u00a0\u00bbcenter\u00a0\u00bb module_alignment=\u00a0\u00bbleft\u00a0\u00bb custom_margin=\u00a0\u00bb||||false|false\u00a0\u00bb custom_margin_tablet=\u00a0\u00bb||||false|false\u00a0\u00bb custom_margin_phone=\u00a0\u00bb||1rem||false|false\u00a0\u00bb custom_margin_last_edited=\u00a0\u00bbon|phone\u00a0\u00bb animation_style=\u00a0\u00bbfade\u00a0\u00bb hover_enabled=\u00a0\u00bb0&Prime; global_colors_info=\u00a0\u00bb{}\u00a0\u00bb theme_builder_area=\u00a0\u00bbpost_content\u00a0\u00bb sticky_enabled=\u00a0\u00bb0&Prime;]<\/p>\n<p><strong>Last Updated On 26-Mar-2025<\/strong><br \/><strong>Effective Date 26-Mar-2025<\/strong><\/p>\n<p>This Privacy Policy describes the policies of Telenet BV, Liersesteenweg 4, Antwerp 2800, Belgium, email: gael@butikagency.eu, phone: 32493724592 on the collection, use and disclosure of your information that we collect when you use our website ( https:\/\/base-lab.be ). (the \u201cService\u201d). By accessing or using the Service, you are consenting to the collection, use and disclosure of your information in accordance with this Privacy Policy. If you do not consent to the same, please do not access or use the Service.   <\/p>\n<p>We may modify this Privacy Policy at any time without any prior notice to you and will post the revised Privacy Policy on the Service. The revised Policy will be effective 180 days from when the revised Policy is posted in the Service and your continued access or use of the Service after such time will constitute your acceptance of the revised Privacy Policy. We therefore recommend that you periodically review this page.  <\/p>\n<p><strong>How We Use Your Information:<\/strong><br \/>We will use the information that we collect about you for the following purposes:<\/p>\n<p><strong>Marketing\/ Promotional<\/strong><br \/>If we want to use your information for any other purpose, we will ask you for consent and will use your information only on receiving your consent and then, only for the purpose(s) for which grant consent unless we are required to do otherwise by law.<\/p>\n<p><strong>How We Share Your Information:<\/strong><br \/>We will not transfer your personal information to any third party without seeking your consent, except in limited circumstances as described below:<\/p>\n<p><strong>Analytics<\/strong><br \/>We require such third party\u2019s to use the personal information we transfer to them only for the purpose for which it was transferred and not to retain it for longer than is required for fulfilling the said purpose.<\/p>\n<p>We may also disclose your personal information for the following: (1) to comply with applicable law, regulation, court order or other legal process; (2) to enforce your agreements with us, including this Privacy Policy; or (3) to respond to claims that your use of the Service violates any third-party rights. If the Service or our company is merged or acquired with another company, your information will be one of the assets that is transferred to the new owner. <\/p>\n<p><strong>Vos droits :<\/strong><br \/>En fonction de la l\u00e9gislation applicable, vous pouvez avoir un droit d&rsquo;acc\u00e8s et de rectification ou d&rsquo;effacement de vos donn\u00e9es \u00e0 caract\u00e8re personnel ou recevoir une copie de vos donn\u00e9es \u00e0 caract\u00e8re personnel, restreindre ou vous opposer au traitement actif de vos donn\u00e9es, nous demander de partager (porter) vos informations \u00e0 caract\u00e8re personnel avec une autre entit\u00e9, retirer tout consentement que vous nous avez donn\u00e9 pour traiter vos donn\u00e9es, un droit de d\u00e9poser une plainte aupr\u00e8s d&rsquo;une autorit\u00e9 statutaire et tout autre droit pertinent en vertu de la l\u00e9gislation applicable. Pour exercer ces droits, vous pouvez nous \u00e9crire \u00e0 gael@butikagency.eu. Nous r\u00e9pondrons \u00e0 votre demande conform\u00e9ment \u00e0 la l\u00e9gislation applicable.  <\/p>\n<p>Do note that if you do not allow us to collect or process the required personal information or withdraw the consent to process the same for the required purposes, you may not be able to access or use the services for which your information was sought.<\/p>\n<p><strong>Cookies Etc.<\/strong><br \/>To learn more about how we use these and your choices in relation to these tracking technologies, please refer to our Cookie Policy.<\/p>\n<p><strong>Security:<\/strong><br \/>The security of your information is important to us and we will use reasonable security measures to prevent the loss, misuse or unauthorized alteration of your information under our control. However, given the inherent risks, we cannot guarantee absolute security and consequently, we cannot ensure or warrant the security of any information you transmit to us and you do so at your own risk. <\/p>\n<p><strong>Third Party Links &amp; Use Of Your Information:<\/strong><br \/>Our Service may contain links to other websites that are not operated by us. This Privacy Policy does not address the privacy policy and other practices of any third parties, including any third party operating any website or service that may be accessible via a link on the Service. We strongly advise you to review the privacy policy of every site you visit. We have no control over and assume no responsibility for the content, privacy policies or practices of any third party sites or services.   <\/p>\n<p><strong>Grievance \/ Data Protection Officer:<\/strong><br \/>If you have any queries or concerns about the processing of your information that is available with us, you may email our Grievance Officer at Telenet BV, Liersesteenweg 4, email: gael@butikagency.eu. We will address your concerns in accordance with applicable law. <\/p>\n<p>[\/et_pb_text][\/et_pb_column][\/et_pb_row][\/et_pb_section]<\/p>\n","protected":false},"excerpt":{"rendered":"<p>Privacy PolicyLast Updated On 26-Mar-2025Effective Date 26-Mar-2025 This Privacy Policy describes the policies of Telenet BV, Liersesteenweg 4, Antwerp 2800, Belgium, email: gael@butikagency.eu, phone: 32493724592 on the collection, use and disclosure of your information that we collect when you use our website ( https:\/\/base-lab.be ). (the \u201cService\u201d). By accessing or using the Service, you are consenting to the collection, use and disclosure of your information in accordance with this Privacy Policy. If you do not consent to the same, please do not access or use the Service. We may modify this Privacy Policy at any time without any prior notice to you and will post the revised Privacy Policy on the Service. The revised Policy will be effective 180 days from when the revised Policy is posted in the Service and your continued access or use of the Service after such time will constitute your acceptance of the revised Privacy Policy. We therefore recommend that you periodically review this page. How We Use Your Information:We will use the information that we collect about you for the following purposes: Marketing\/ PromotionalIf we want to use your information for any other purpose, we will ask you for consent and will use your [&hellip;]<\/p>\n","protected":false},"author":1,"featured_media":0,"parent":0,"menu_order":0,"comment_status":"closed","ping_status":"closed","template":"","meta":{"_et_pb_use_builder":"on","_et_pb_old_content":"","_et_gb_content_width":"","footnotes":""},"class_list":["post-344","page","type-page","status-publish","hentry"],"yoast_head":"<!-- This site is optimized with the Yoast SEO plugin v27.5 - https:\/\/yoast.com\/product\/yoast-seo-wordpress\/ -->\n<title>Privacy Policy - QUIZ 2025<\/title>\n<meta name=\"robots\" content=\"index, follow, max-snippet:-1, max-image-preview:large, max-video-preview:-1\" \/>\n<link rel=\"canonical\" href=\"https:\/\/base-lab.be\/fr\/privacy-policy\/\" \/>\n<meta property=\"og:locale\" content=\"fr_FR\" \/>\n<meta property=\"og:type\" content=\"article\" \/>\n<meta property=\"og:title\" content=\"Privacy Policy - QUIZ 2025\" \/>\n<meta property=\"og:description\" content=\"Privacy PolicyLast Updated On 26-Mar-2025Effective Date 26-Mar-2025 This Privacy Policy describes the policies of Telenet BV, Liersesteenweg 4, Antwerp 2800, Belgium, email: gael@butikagency.eu, phone: 32493724592 on the collection, use and disclosure of your information that we collect when you use our website ( https:\/\/base-lab.be ). (the \u201cService\u201d). By accessing or using the Service, you are consenting to the collection, use and disclosure of your information in accordance with this Privacy Policy. If you do not consent to the same, please do not access or use the Service. We may modify this Privacy Policy at any time without any prior notice to you and will post the revised Privacy Policy on the Service. The revised Policy will be effective 180 days from when the revised Policy is posted in the Service and your continued access or use of the Service after such time will constitute your acceptance of the revised Privacy Policy. We therefore recommend that you periodically review this page. How We Use Your Information:We will use the information that we collect about you for the following purposes: Marketing\/ PromotionalIf we want to use your information for any other purpose, we will ask you for consent and will use your [&hellip;]\" \/>\n<meta property=\"og:url\" content=\"https:\/\/base-lab.be\/fr\/privacy-policy\/\" \/>\n<meta property=\"og:site_name\" content=\"QUIZ 2025\" \/>\n<meta property=\"article:modified_time\" content=\"2025-03-26T18:54:14+00:00\" \/>\n<meta name=\"twitter:card\" content=\"summary_large_image\" \/>\n<meta name=\"twitter:label1\" content=\"Dur\u00e9e de lecture estim\u00e9e\" \/>\n\t<meta name=\"twitter:data1\" content=\"5 minutes\" \/>\n<script type=\"application\/ld+json\" class=\"yoast-schema-graph\">{\"@context\":\"https:\\\/\\\/schema.org\",\"@graph\":[{\"@type\":\"WebPage\",\"@id\":\"https:\\\/\\\/base-lab.be\\\/fr\\\/privacy-policy\\\/\",\"url\":\"https:\\\/\\\/base-lab.be\\\/fr\\\/privacy-policy\\\/\",\"name\":\"Privacy Policy - QUIZ 2025\",\"isPartOf\":{\"@id\":\"https:\\\/\\\/base-lab.be\\\/fr\\\/#website\"},\"datePublished\":\"2025-03-26T16:05:29+00:00\",\"dateModified\":\"2025-03-26T18:54:14+00:00\",\"breadcrumb\":{\"@id\":\"https:\\\/\\\/base-lab.be\\\/fr\\\/privacy-policy\\\/#breadcrumb\"},\"inLanguage\":\"fr-FR\",\"potentialAction\":[{\"@type\":\"ReadAction\",\"target\":[\"https:\\\/\\\/base-lab.be\\\/fr\\\/privacy-policy\\\/\"]}]},{\"@type\":\"BreadcrumbList\",\"@id\":\"https:\\\/\\\/base-lab.be\\\/fr\\\/privacy-policy\\\/#breadcrumb\",\"itemListElement\":[{\"@type\":\"ListItem\",\"position\":1,\"name\":\"Home\",\"item\":\"https:\\\/\\\/base-lab.be\\\/fr\\\/\"},{\"@type\":\"ListItem\",\"position\":2,\"name\":\"Privacy Policy\"}]},{\"@type\":\"WebSite\",\"@id\":\"https:\\\/\\\/base-lab.be\\\/fr\\\/#website\",\"url\":\"https:\\\/\\\/base-lab.be\\\/fr\\\/\",\"name\":\"QUIZ 2025\",\"description\":\"\",\"potentialAction\":[{\"@type\":\"SearchAction\",\"target\":{\"@type\":\"EntryPoint\",\"urlTemplate\":\"https:\\\/\\\/base-lab.be\\\/fr\\\/?s={search_term_string}\"},\"query-input\":{\"@type\":\"PropertyValueSpecification\",\"valueRequired\":true,\"valueName\":\"search_term_string\"}}],\"inLanguage\":\"fr-FR\"}]}<\/script>\n<!-- \/ Yoast SEO plugin. -->","yoast_head_json":{"title":"Privacy Policy - QUIZ 2025","robots":{"index":"index","follow":"follow","max-snippet":"max-snippet:-1","max-image-preview":"max-image-preview:large","max-video-preview":"max-video-preview:-1"},"canonical":"https:\/\/base-lab.be\/fr\/privacy-policy\/","og_locale":"fr_FR","og_type":"article","og_title":"Privacy Policy - QUIZ 2025","og_description":"Privacy PolicyLast Updated On 26-Mar-2025Effective Date 26-Mar-2025 This Privacy Policy describes the policies of Telenet BV, Liersesteenweg 4, Antwerp 2800, Belgium, email: gael@butikagency.eu, phone: 32493724592 on the collection, use and disclosure of your information that we collect when you use our website ( https:\/\/base-lab.be ). (the \u201cService\u201d). By accessing or using the Service, you are consenting to the collection, use and disclosure of your information in accordance with this Privacy Policy. If you do not consent to the same, please do not access or use the Service. We may modify this Privacy Policy at any time without any prior notice to you and will post the revised Privacy Policy on the Service. The revised Policy will be effective 180 days from when the revised Policy is posted in the Service and your continued access or use of the Service after such time will constitute your acceptance of the revised Privacy Policy. We therefore recommend that you periodically review this page. How We Use Your Information:We will use the information that we collect about you for the following purposes: Marketing\/ PromotionalIf we want to use your information for any other purpose, we will ask you for consent and will use your [&hellip;]","og_url":"https:\/\/base-lab.be\/fr\/privacy-policy\/","og_site_name":"QUIZ 2025","article_modified_time":"2025-03-26T18:54:14+00:00","twitter_card":"summary_large_image","twitter_misc":{"Dur\u00e9e de lecture estim\u00e9e":"5 minutes"},"schema":{"@context":"https:\/\/schema.org","@graph":[{"@type":"WebPage","@id":"https:\/\/base-lab.be\/fr\/privacy-policy\/","url":"https:\/\/base-lab.be\/fr\/privacy-policy\/","name":"Privacy Policy - QUIZ 2025","isPartOf":{"@id":"https:\/\/base-lab.be\/fr\/#website"},"datePublished":"2025-03-26T16:05:29+00:00","dateModified":"2025-03-26T18:54:14+00:00","breadcrumb":{"@id":"https:\/\/base-lab.be\/fr\/privacy-policy\/#breadcrumb"},"inLanguage":"fr-FR","potentialAction":[{"@type":"ReadAction","target":["https:\/\/base-lab.be\/fr\/privacy-policy\/"]}]},{"@type":"BreadcrumbList","@id":"https:\/\/base-lab.be\/fr\/privacy-policy\/#breadcrumb","itemListElement":[{"@type":"ListItem","position":1,"name":"Home","item":"https:\/\/base-lab.be\/fr\/"},{"@type":"ListItem","position":2,"name":"Privacy Policy"}]},{"@type":"WebSite","@id":"https:\/\/base-lab.be\/fr\/#website","url":"https:\/\/base-lab.be\/fr\/","name":"QUIZ 2025","description":"","potentialAction":[{"@type":"SearchAction","target":{"@type":"EntryPoint","urlTemplate":"https:\/\/base-lab.be\/fr\/?s={search_term_string}"},"query-input":{"@type":"PropertyValueSpecification","valueRequired":true,"valueName":"search_term_string"}}],"inLanguage":"fr-FR"}]}},"_links":{"self":[{"href":"https:\/\/base-lab.be\/fr\/wp-json\/wp\/v2\/pages\/344","targetHints":{"allow":["GET"]}}],"collection":[{"href":"https:\/\/base-lab.be\/fr\/wp-json\/wp\/v2\/pages"}],"about":[{"href":"https:\/\/base-lab.be\/fr\/wp-json\/wp\/v2\/types\/page"}],"author":[{"embeddable":true,"href":"https:\/\/base-lab.be\/fr\/wp-json\/wp\/v2\/users\/1"}],"replies":[{"embeddable":true,"href":"https:\/\/base-lab.be\/fr\/wp-json\/wp\/v2\/comments?post=344"}],"version-history":[{"count":2,"href":"https:\/\/base-lab.be\/fr\/wp-json\/wp\/v2\/pages\/344\/revisions"}],"predecessor-version":[{"id":346,"href":"https:\/\/base-lab.be\/fr\/wp-json\/wp\/v2\/pages\/344\/revisions\/346"}],"wp:attachment":[{"href":"https:\/\/base-lab.be\/fr\/wp-json\/wp\/v2\/media?parent=344"}],"curies":[{"name":"wp","href":"https:\/\/api.w.org\/{rel}","templated":true}]}}