{"id":213,"date":"2025-03-08T15:48:22","date_gmt":"2025-03-08T15:48:22","guid":{"rendered":"https:\/\/base-lab.be\/quiz-2025\/"},"modified":"2025-03-10T06:30:33","modified_gmt":"2025-03-10T06:30:33","slug":"quiz-2025","status":"publish","type":"page","link":"https:\/\/base-lab.be\/fr\/quiz-2025\/","title":{"rendered":"QUIZ 2025"},"content":{"rendered":"<p>[et_pb_section fb_built=\u00a0\u00bb1&Prime; custom_padding_last_edited=\u00a0\u00bbon|tablet\u00a0\u00bb _builder_version=\u00a0\u00bb4.27.2&Prime; _module_preset=\u00a0\u00bbdefault\u00a0\u00bb background_color=\u00a0\u00bb#F2F2F2&Prime; custom_padding=\u00a0\u00bb9rem|40px|0px|40px|false|true\u00a0\u00bb custom_padding_tablet=\u00a0\u00bb8rem|40px|0px|40px|false|true\u00a0\u00bb custom_padding_phone=\u00a0\u00bb5rem|15px|0px|15px|false|true\u00a0\u00bb hover_enabled=\u00a0\u00bb0&Prime; global_colors_info=\u00a0\u00bb{}\u00a0\u00bb sticky_enabled=\u00a0\u00bb0&Prime;][et_pb_row custom_padding_last_edited=\u00a0\u00bbon|phone\u00a0\u00bb disabled_on=\u00a0\u00bbon|on|on\u00a0\u00bb _builder_version=\u00a0\u00bb4.27.2&Prime; _module_preset=\u00a0\u00bbdefault\u00a0\u00bb background_color=\u00a0\u00bbRGBA(255,255,255,0)\u00a0\u00bb width=\u00a0\u00bb100%\u00a0\u00bb max_width=\u00a0\u00bb1112px\u00a0\u00bb custom_padding=\u00a0\u00bb50px|40px|50px|40px|true|true\u00a0\u00bb custom_padding_tablet=\u00a0\u00bb30px|40px|30px|40px|true|true\u00a0\u00bb custom_padding_phone=\u00a0\u00bb20px|20px|20px|20px|true|true\u00a0\u00bb disabled=\u00a0\u00bbon\u00a0\u00bb global_colors_info=\u00a0\u00bb{}\u00a0\u00bb][et_pb_column type=\u00a0\u00bb4_4&Prime; _builder_version=\u00a0\u00bb4.27.2&Prime; _module_preset=\u00a0\u00bbdefault\u00a0\u00bb global_colors_info=\u00a0\u00bb{}\u00a0\u00bb][et_pb_image src=\u00a0\u00bbhttps:\/\/base-lab.be\/wp-content\/uploads\/2025\/03\/logo.svg\u00a0\u00bb title_text=\u00a0\u00bblogo\u00a0\u00bb url=\u00a0\u00bbhttps:\/\/www.prd.base.be\/\u00a0\u00bb align=\u00a0\u00bbcenter\u00a0\u00bb _builder_version=\u00a0\u00bb4.27.2&Prime; _module_preset=\u00a0\u00bbdefault\u00a0\u00bb max_width_tablet=\u00a0\u00bb\u00a0\u00bb max_width_phone=\u00a0\u00bb100px\u00a0\u00bb max_width_last_edited=\u00a0\u00bbon|phone\u00a0\u00bb module_alignment=\u00a0\u00bbcenter\u00a0\u00bb global_colors_info=\u00a0\u00bb{}\u00a0\u00bb][\/et_pb_image][\/et_pb_column][\/et_pb_row][et_pb_row custom_padding_last_edited=\u00a0\u00bbon|phone\u00a0\u00bb _builder_version=\u00a0\u00bb4.27.2&Prime; _module_preset=\u00a0\u00bbdefault\u00a0\u00bb background_color=\u00a0\u00bb#FFFFFF\u00a0\u00bb width=\u00a0\u00bb100%\u00a0\u00bb max_width=\u00a0\u00bb1112px\u00a0\u00bb custom_padding=\u00a0\u00bb50px|40px|50px|40px|true|true\u00a0\u00bb custom_padding_tablet=\u00a0\u00bb50px|40px|50px|40px|true|true\u00a0\u00bb custom_padding_phone=\u00a0\u00bb20px|20px|20px|20px|true|true\u00a0\u00bb global_colors_info=\u00a0\u00bb{}\u00a0\u00bb][et_pb_column type=\u00a0\u00bb4_4&Prime; _builder_version=\u00a0\u00bb4.27.2&Prime; _module_preset=\u00a0\u00bbdefault\u00a0\u00bb global_colors_info=\u00a0\u00bb{}\u00a0\u00bb][dsm_contact_form_7 cf7_library=\u00a0\u00bb35&Prime; _builder_version=\u00a0\u00bb4.27.2&Prime; _module_preset=\u00a0\u00bbdefault\u00a0\u00bb custom_button_one=\u00a0\u00bbon\u00a0\u00bb button_one_text_color=\u00a0\u00bb#FFFFFF\u00a0\u00bb button_one_bg_color=\u00a0\u00bb#00807B\u00a0\u00bb button_one_border_width=\u00a0\u00bb0px\u00a0\u00bb button_one_border_radius=\u00a0\u00bb0px\u00a0\u00bb button_one_font=\u00a0\u00bb|700||on|||||\u00a0\u00bb button_one_use_icon=\u00a0\u00bboff\u00a0\u00bb button_one_custom_padding=\u00a0\u00bb0.6rem|1.5em|0.6rem|1.5em|true|true\u00a0\u00bb button_one_text_size_tablet=\u00a0\u00bb\u00a0\u00bb button_one_text_size_phone=\u00a0\u00bb16px\u00a0\u00bb button_one_text_size_last_edited=\u00a0\u00bbon|phone\u00a0\u00bb global_colors_info=\u00a0\u00bb{}\u00a0\u00bb][\/dsm_contact_form_7][\/et_pb_column][\/et_pb_row][\/et_pb_section]<\/p>\n","protected":false},"excerpt":{"rendered":"<div class=\"et_pb_module dsm_contact_form_7 dsm_contact_form_7_0\">\n\t\t\t\t\n\t\t\t\t\n\t\t\t\t\n\t\t\t\t\n\t\t\t\t\n\t\t\t\t\n\t\t\t\t<div class=\"et_pb_module_inner\">\n\t\t\t\t\t<div class=\"\">\n\t\t\t\t\n<div class=\"wpcf7 no-js\" id=\"wpcf7-f215-o1\" lang=\"fr-FR\" dir=\"ltr\" data-wpcf7-id=\"215\">\n<div class=\"screen-reader-response\"><p role=\"status\" aria-live=\"polite\" aria-atomic=\"true\"><\/p> <ul><\/ul><\/div>\n<form action=\"\/fr\/wp-json\/wp\/v2\/pages\/213#wpcf7-f215-o1\" method=\"post\" class=\"wpcf7-form init\" aria-label=\"Formulaire de contact\" novalidate=\"novalidate\" data-status=\"init\">\n<fieldset class=\"hidden-fields-container\"><input type=\"hidden\" name=\"_wpcf7\" value=\"215\" \/><input type=\"hidden\" name=\"_wpcf7_version\" value=\"6.1.5\" \/><input type=\"hidden\" name=\"_wpcf7_locale\" value=\"fr_FR\" \/><input type=\"hidden\" name=\"_wpcf7_unit_tag\" value=\"wpcf7-f215-o1\" \/><input type=\"hidden\" name=\"_wpcf7_container_post\" value=\"0\" \/><input type=\"hidden\" name=\"_wpcf7_posted_data_hash\" value=\"\" \/><input type=\"hidden\" name=\"_wpcf7cf_hidden_group_fields\" value=\"[]\" \/><input type=\"hidden\" name=\"_wpcf7cf_hidden_groups\" value=\"[]\" \/><input type=\"hidden\" name=\"_wpcf7cf_visible_groups\" value=\"[]\" \/><input type=\"hidden\" name=\"_wpcf7cf_repeaters\" value=\"[]\" \/><input type=\"hidden\" name=\"_wpcf7cf_steps\" value=\"{}\" \/><input type=\"hidden\" name=\"_wpcf7cf_options\" value=\"{&quot;form_id&quot;:215,&quot;conditions&quot;:[],&quot;settings&quot;:{&quot;animation&quot;:&quot;yes&quot;,&quot;animation_intime&quot;:200,&quot;animation_outtime&quot;:200,&quot;conditions_ui&quot;:&quot;normal&quot;,&quot;notice_dismissed&quot;:false,&quot;repeater_remove_button&quot;:&quot;bottom&quot;}}\" \/>\n<\/fieldset>\n<input class=\"wpcf7-form-control wpcf7-hidden\" value=\"https:\/\/base-lab.be\/fr\/result-mobiel-tv-internet\/\" type=\"hidden\" name=\"redirect-url\" \/>\n<div class=\"radio-group-container\">\n\t<h6 class=\"title-radio-group\">Comment tu communiques avec tes potes ?\n\t<\/h6>\n\t<p><span class=\"wpcf7-form-control-wrap\" data-name=\"radio-group-1\"><span class=\"wpcf7-form-control wpcf7-radio\"><span class=\"wpcf7-list-item first\"><label><input type=\"radio\" name=\"radio-group-1\" value=\"Avec mon t\u00e9l\u00e9phone.\" \/><span class=\"wpcf7-list-item-label\">Avec mon t\u00e9l\u00e9phone.<\/span><\/label><\/span><span class=\"wpcf7-list-item\"><label><input type=\"radio\" name=\"radio-group-1\" value=\"Via mon ordi.\" \/><span class=\"wpcf7-list-item-label\">Via mon ordi.<\/span><\/label><\/span><span class=\"wpcf7-list-item last\"><label><input type=\"radio\" name=\"radio-group-1\" value=\"Papoter un peu lors d\u2019une bonne soir\u00e9e t\u00e9l\u00e9.\" \/><span class=\"wpcf7-list-item-label\">Papoter un peu lors d\u2019une bonne soir\u00e9e t\u00e9l\u00e9.<\/span><\/label><\/span><\/span><\/span>\n\t<\/p>\n<\/div>\n<div class=\"radio-group-container\">\n\t<h6 class=\"title-radio-group\">SOS, t\u2019as atterri sur une \u00eele d\u00e9serte. Tu peux faire qu\u2019un seul truc, tu choisis quoi ?\n\t<\/h6>\n\t<p><span class=\"wpcf7-form-control-wrap\" data-name=\"radio-group-2\"><span class=\"wpcf7-form-control wpcf7-radio\"><span class=\"wpcf7-list-item first\"><label><input type=\"radio\" name=\"radio-group-2\" value=\"J\u2019appelle \u00e0 l\u2019aide imm\u00e9diatement.\" \/><span class=\"wpcf7-list-item-label\">J\u2019appelle \u00e0 l\u2019aide imm\u00e9diatement.<\/span><\/label><\/span><span class=\"wpcf7-list-item\"><label><input type=\"radio\" name=\"radio-group-2\" value=\"Je cherche des tips sur Chat GPT pour survivre.\" \/><span class=\"wpcf7-list-item-label\">Je cherche des tips sur Chat GPT pour survivre.<\/span><\/label><\/span><span class=\"wpcf7-list-item last\"><label><input type=\"radio\" name=\"radio-group-2\" value=\"Binge-watch en solo, parfait.\" \/><span class=\"wpcf7-list-item-label\">Binge-watch en solo, parfait.<\/span><\/label><\/span><\/span><\/span>\n\t<\/p>\n<\/div>\n<div class=\"radio-group-container\">\n\t<h6 class=\"title-radio-group title-radio-group-img\">Lazy Sunday, we all love it. Mais le tien il ressemble \u00e0 quoi ?\n\t<\/h6>\n\t<p><label class=\"radio-image\"><br \/>\n<input type=\"radio\" name=\"radio-group-3\" value=\"Scroll sur mon t\u00e9l\u00e9phone.\" \/><br \/>\nScroll sur mon t\u00e9l\u00e9phone.<br \/>\n<img decoding=\"async\" src=\"\/wp-content\/themes\/Divi\/images\/Question_3_Answer_1.jpg\" alt=\"Scroll sur mon t\u00e9l\u00e9phone.\" \/><br \/>\n<\/label><br \/>\n<label class=\"radio-image\"><br \/>\n<input type=\"radio\" name=\"radio-group-3\" value=\"Gaming.\" \/><br \/>\nGaming.<br \/>\n<img decoding=\"async\" src=\"\/wp-content\/themes\/Divi\/images\/Question_3_Answer_2.jpg\" alt=\"Gaming.\" \/><br \/>\n<\/label><br \/>\n<label class=\"radio-image\"><br \/>\n<input type=\"radio\" name=\"radio-group-3\" value=\"S\u00e9rie et snacks.\" \/><br \/>\nS\u00e9rie et snacks.<br \/>\n<img decoding=\"async\" src=\"\/wp-content\/themes\/Divi\/images\/Question_3_Answer_3_and_Question_10_Answer_3.jpg\" alt=\"S\u00e9rie et snacks.\" \/><br \/>\n<\/label>\n\t<\/p>\n<\/div>\n<div class=\"radio-group-container\">\n\t<h6 class=\"title-radio-group\">OK, imagine-toi sans internet ni t\u00e9l\u00e9phone, toute une journ\u00e9e. Tu r\u00e9agis comment ?\n\t<\/h6>\n\t<p><span class=\"wpcf7-form-control-wrap\" data-name=\"radio-group-4\"><span class=\"wpcf7-form-control wpcf7-radio\"><span class=\"wpcf7-list-item first\"><label><input type=\"radio\" name=\"radio-group-4\" value=\"Grosse panique!\" \/><span class=\"wpcf7-list-item-label\">Grosse panique!<\/span><\/label><\/span><span class=\"wpcf7-list-item\"><label><input type=\"radio\" name=\"radio-group-4\" value=\"Parfait ! Je m\u2019installe dans un caf\u00e9 avec du Wi-Fi.\" \/><span class=\"wpcf7-list-item-label\">Parfait ! Je m\u2019installe dans un caf\u00e9 avec du Wi-Fi.<\/span><\/label><\/span><span class=\"wpcf7-list-item last\"><label><input type=\"radio\" name=\"radio-group-4\" value=\"Nickel, je regarde la t\u00e9l\u00e9.\" \/><span class=\"wpcf7-list-item-label\">Nickel, je regarde la t\u00e9l\u00e9.<\/span><\/label><\/span><\/span><\/span>\n\t<\/p>\n<\/div>\n<div class=\"radio-group-container\">\n\t<h6 class=\"title-radio-group title-radio-group-img\">Petit trip en vue ! C\u2019est quoi ton indispensable EN voyage ?\n\t<\/h6>\n\t<p><label class=\"radio-image\"><br \/>\n<input type=\"radio\" name=\"radio-group-5\" value=\"Ma batterie externe.\" \/><br \/>\nMa batterie externe.<br \/>\n<img decoding=\"async\" src=\"\/wp-content\/themes\/Divi\/images\/Question_5_Answer_1.jpg\" alt=\"Ma batterie externe.\" \/><br \/>\n<\/label><br \/>\n<label class=\"radio-image\"><br \/>\n<input type=\"radio\" name=\"radio-group-5\" value=\"Mon ordi.\" \/><br \/>\nMon ordi.<br \/>\n<img decoding=\"async\" src=\"\/wp-content\/themes\/Divi\/images\/Question_5_Answer_2.jpg\" alt=\"Mon ordi.\" \/><br \/>\n<\/label><br \/>\n<label class=\"radio-image\"><br \/>\n<input type=\"radio\" name=\"radio-group-5\" value=\"Ma tablette.\" \/><br \/>\nMa tablette.<br \/>\n<img decoding=\"async\" src=\"\/wp-content\/themes\/Divi\/images\/Question_5_Answer_3.jpg\" alt=\"Ma tablette.\" \/><br \/>\n<\/label>\n\t<\/p>\n<\/div>\n<div class=\"radio-group-container\">\n\t<h6 class=\"title-radio-group\">C'est quoi ton setup de r\u00eave chez toi ?\n\t<\/h6>\n\t<p><span class=\"wpcf7-form-control-wrap\" data-name=\"radio-group-6\"><span class=\"wpcf7-form-control wpcf7-radio\"><span class=\"wpcf7-list-item first\"><label><input type=\"radio\" name=\"radio-group-6\" value=\"Toute ma maison connect\u00e9e avec mon t\u00e9l\u00e9phone.\" \/><span class=\"wpcf7-list-item-label\">Toute ma maison connect\u00e9e avec mon t\u00e9l\u00e9phone.<\/span><\/label><\/span><span class=\"wpcf7-list-item\"><label><input type=\"radio\" name=\"radio-group-6\" value=\"Internet de fou furieux pour gamer et streamer sans bug.\" \/><span class=\"wpcf7-list-item-label\">Internet de fou furieux pour gamer et streamer sans bug.<\/span><\/label><\/span><span class=\"wpcf7-list-item last\"><label><input type=\"radio\" name=\"radio-group-6\" value=\"Un gros canap\u00e9 avec une \u00e9norme TV ou un projecteur.\" \/><span class=\"wpcf7-list-item-label\">Un gros canap\u00e9 avec une \u00e9norme TV ou un projecteur.<\/span><\/label><\/span><\/span><\/span>\n\t<\/p>\n<\/div>\n<div class=\"radio-group-container\">\n\t<h6 class=\"title-radio-group\">T\u2019emm\u00e9nages quelque part, c\u2019est quoi le premier truc que tu r\u00e8gles ?\n\t<\/h6>\n\t<p><span class=\"wpcf7-form-control-wrap\" data-name=\"radio-group-7\"><span class=\"wpcf7-form-control wpcf7-radio\"><span class=\"wpcf7-list-item first\"><label><input type=\"radio\" name=\"radio-group-7\" value=\"Mon t\u00e9l\u00e9 et une carte SIM.\" \/><span class=\"wpcf7-list-item-label\">Mon t\u00e9l\u00e9 et une carte SIM.<\/span><\/label><\/span><span class=\"wpcf7-list-item\"><label><input type=\"radio\" name=\"radio-group-7\" value=\"Mon internet, pour travailler.\" \/><span class=\"wpcf7-list-item-label\">Mon internet, pour travailler.<\/span><\/label><\/span><span class=\"wpcf7-list-item last\"><label><input type=\"radio\" name=\"radio-group-7\" value=\"Ma TV, pout mon moment chill.\" \/><span class=\"wpcf7-list-item-label\">Ma TV, pout mon moment chill.<\/span><\/label><\/span><\/span><\/span>\n\t<\/p>\n<\/div>\n<div class=\"radio-group-container\">\n\t<h6 class=\"title-radio-group\">C\u2019est quoi le pire truc que tu pourrais rater ?\n\t<\/h6>\n\t<p><span class=\"wpcf7-form-control-wrap\" data-name=\"radio-group-8\"><span class=\"wpcf7-form-control wpcf7-radio\"><span class=\"wpcf7-list-item first\"><label><input type=\"radio\" name=\"radio-group-8\" value=\"Un appel\/message giga important.\" \/><span class=\"wpcf7-list-item-label\">Un appel\/message giga important.<\/span><\/label><\/span><span class=\"wpcf7-list-item\"><label><input type=\"radio\" name=\"radio-group-8\" value=\"Mon internet, pour travailler.\" \/><span class=\"wpcf7-list-item-label\">Mon internet, pour travailler.<\/span><\/label><\/span><span class=\"wpcf7-list-item last\"><label><input type=\"radio\" name=\"radio-group-8\" value=\"Ma TV, pout mon moment chill.\" \/><span class=\"wpcf7-list-item-label\">Ma TV, pout mon moment chill.<\/span><\/label><\/span><\/span><\/span>\n\t<\/p>\n<\/div>\n<div class=\"radio-group-container\">\n\t<h6 class=\"title-radio-group\">Si tu pouvais avoir un superpouvoir, tu prendrais quoi ?\n\t<\/h6>\n\t<p><span class=\"wpcf7-form-control-wrap\" data-name=\"radio-group-9\"><span class=\"wpcf7-form-control wpcf7-radio\"><span class=\"wpcf7-list-item first\"><label><input type=\"radio\" name=\"radio-group-9\" value=\"La t\u00e9l\u00e9pathie.\" \/><span class=\"wpcf7-list-item-label\">La t\u00e9l\u00e9pathie.<\/span><\/label><\/span><span class=\"wpcf7-list-item\"><label><input type=\"radio\" name=\"radio-group-9\" value=\"Tout savoir.\" \/><span class=\"wpcf7-list-item-label\">Tout savoir.<\/span><\/label><\/span><span class=\"wpcf7-list-item last\"><label><input type=\"radio\" name=\"radio-group-9\" value=\"Revenir en arri\u00e8re pour regarder toutes les anciennes s\u00e9ries.\" \/><span class=\"wpcf7-list-item-label\">Revenir en arri\u00e8re pour regarder toutes les anciennes s\u00e9ries.<\/span><\/label><\/span><\/span><\/span>\n\t<\/p>\n<\/div>\n<div class=\"radio-group-container\">\n\t<h6 class=\"title-radio-group title-radio-group-img\"> C\u2019est quoi ton style de vie ?\n\t<\/h6>\n\t<p><label class=\"radio-image\"><br \/>\n<input type=\"radio\" name=\"radio-group-10\" value=\"Toujours en vadrouille.\" \/><br \/>\nToujours en vadrouille.<br \/>\n<img decoding=\"async\" src=\"\/wp-content\/themes\/Divi\/images\/Question_10_Answer_1.jpg\" alt=\"Toujours en vadrouille.\" \/><br \/>\n<\/label><br \/>\n<label class=\"radio-image\"><br \/>\n<input type=\"radio\" name=\"radio-group-10\" value=\"Toujours en train de bosser.\" \/><br \/>\nToujours en train de bosser.<br \/>\n<img decoding=\"async\" src=\"\/wp-content\/themes\/Divi\/images\/Question_10_Answer_2.jpg\" alt=\"Toujours en train de bosser.\" \/><br \/>\n<\/label><br \/>\n<label class=\"radio-image\"><br \/>\n<input type=\"radio\" name=\"radio-group-10\" value=\"Just relax.\" \/><br \/>\nJust relax.<br \/>\n<img decoding=\"async\" src=\"\/wp-content\/themes\/Divi\/images\/Question_3_Answer_3_and_Question_10_Answer_3.jpg\" alt=\"Just relax.\" \/><br \/>\n<\/label>\n\t<\/p>\n<\/div>\n<p><button class=\"wpcf7-form-control wpcf7-submit has-spinner et_pb_button et_pb_bg_layout_light\" type=\"submit\" value=\"Soumettre\">Soumettre<\/button>\n<\/p><div class=\"wpcf7-response-output\" aria-hidden=\"true\"><\/div>\n<\/form>\n<\/div>\n\n\t\t\t<\/div>\n\t\t\t\t<\/div>\n\t\t\t<\/div>\n","protected":false},"author":1,"featured_media":0,"parent":0,"menu_order":0,"comment_status":"closed","ping_status":"closed","template":"","meta":{"_et_pb_use_builder":"on","_et_pb_old_content":"","_et_gb_content_width":"","footnotes":""},"class_list":["post-213","page","type-page","status-publish","hentry"],"yoast_head":"<!-- This site is optimized with the Yoast SEO plugin v27.5 - https:\/\/yoast.com\/product\/yoast-seo-wordpress\/ -->\n<title>QUIZ 2025 - QUIZ 2025<\/title>\n<meta name=\"robots\" content=\"index, follow, max-snippet:-1, max-image-preview:large, max-video-preview:-1\" \/>\n<link rel=\"canonical\" href=\"https:\/\/base-lab.be\/fr\/quiz-2025\/\" \/>\n<meta property=\"og:locale\" content=\"fr_FR\" \/>\n<meta property=\"og:type\" content=\"article\" \/>\n<meta property=\"og:title\" content=\"QUIZ 2025 - QUIZ 2025\" \/>\n<meta property=\"og:url\" content=\"https:\/\/base-lab.be\/fr\/quiz-2025\/\" \/>\n<meta property=\"og:site_name\" content=\"QUIZ 2025\" \/>\n<meta property=\"article:modified_time\" content=\"2025-03-10T06:30:33+00:00\" \/>\n<meta name=\"twitter:card\" content=\"summary_large_image\" \/>\n<meta name=\"twitter:description\" content=\"[dsm_contact_form_7 cf7_library=&quot;35&quot; _builder_version=&quot;4.27.2&quot; _module_preset=&quot;default&quot; custom_button_one=&quot;on&quot; button_one_text_color=&quot;#FFFFFF&quot; button_one_bg_color=&quot;#00807B&quot; button_one_border_width=&quot;0px&quot; button_one_border_radius=&quot;0px&quot; button_one_font=&quot;|700||on|||||&quot; button_one_use_icon=&quot;off&quot; button_one_custom_padding=&quot;0.6rem|1.5em|0.6rem|1.5em|true|true&quot; button_one_text_size_tablet=&quot;&quot; button_one_text_size_phone=&quot;16px&quot; button_one_text_size_last_edited=&quot;on|phone&quot; global_colors_info=&quot;{}&quot;][\/dsm_contact_form_7]\" \/>\n<meta name=\"twitter:label1\" content=\"Dur\u00e9e de lecture estim\u00e9e\" \/>\n\t<meta name=\"twitter:data1\" content=\"2 minutes\" \/>\n<script type=\"application\/ld+json\" class=\"yoast-schema-graph\">{\"@context\":\"https:\\\/\\\/schema.org\",\"@graph\":[{\"@type\":\"WebPage\",\"@id\":\"https:\\\/\\\/base-lab.be\\\/fr\\\/quiz-2025\\\/\",\"url\":\"https:\\\/\\\/base-lab.be\\\/fr\\\/quiz-2025\\\/\",\"name\":\"QUIZ 2025 - QUIZ 2025\",\"isPartOf\":{\"@id\":\"https:\\\/\\\/base-lab.be\\\/fr\\\/#website\"},\"datePublished\":\"2025-03-08T15:48:22+00:00\",\"dateModified\":\"2025-03-10T06:30:33+00:00\",\"breadcrumb\":{\"@id\":\"https:\\\/\\\/base-lab.be\\\/fr\\\/quiz-2025\\\/#breadcrumb\"},\"inLanguage\":\"fr-FR\",\"potentialAction\":[{\"@type\":\"ReadAction\",\"target\":[\"https:\\\/\\\/base-lab.be\\\/fr\\\/quiz-2025\\\/\"]}]},{\"@type\":\"BreadcrumbList\",\"@id\":\"https:\\\/\\\/base-lab.be\\\/fr\\\/quiz-2025\\\/#breadcrumb\",\"itemListElement\":[{\"@type\":\"ListItem\",\"position\":1,\"name\":\"Home\",\"item\":\"https:\\\/\\\/base-lab.be\\\/fr\\\/\"},{\"@type\":\"ListItem\",\"position\":2,\"name\":\"QUIZ 2025\"}]},{\"@type\":\"WebSite\",\"@id\":\"https:\\\/\\\/base-lab.be\\\/fr\\\/#website\",\"url\":\"https:\\\/\\\/base-lab.be\\\/fr\\\/\",\"name\":\"QUIZ 2025\",\"description\":\"\",\"potentialAction\":[{\"@type\":\"SearchAction\",\"target\":{\"@type\":\"EntryPoint\",\"urlTemplate\":\"https:\\\/\\\/base-lab.be\\\/fr\\\/?s={search_term_string}\"},\"query-input\":{\"@type\":\"PropertyValueSpecification\",\"valueRequired\":true,\"valueName\":\"search_term_string\"}}],\"inLanguage\":\"fr-FR\"}]}<\/script>\n<!-- \/ Yoast SEO plugin. -->","yoast_head_json":{"title":"QUIZ 2025 - QUIZ 2025","robots":{"index":"index","follow":"follow","max-snippet":"max-snippet:-1","max-image-preview":"max-image-preview:large","max-video-preview":"max-video-preview:-1"},"canonical":"https:\/\/base-lab.be\/fr\/quiz-2025\/","og_locale":"fr_FR","og_type":"article","og_title":"QUIZ 2025 - QUIZ 2025","og_url":"https:\/\/base-lab.be\/fr\/quiz-2025\/","og_site_name":"QUIZ 2025","article_modified_time":"2025-03-10T06:30:33+00:00","twitter_card":"summary_large_image","twitter_description":"[dsm_contact_form_7 cf7_library=\"35\" _builder_version=\"4.27.2\" _module_preset=\"default\" custom_button_one=\"on\" button_one_text_color=\"#FFFFFF\" button_one_bg_color=\"#00807B\" button_one_border_width=\"0px\" button_one_border_radius=\"0px\" button_one_font=\"|700||on|||||\" button_one_use_icon=\"off\" button_one_custom_padding=\"0.6rem|1.5em|0.6rem|1.5em|true|true\" button_one_text_size_tablet=\"\" button_one_text_size_phone=\"16px\" button_one_text_size_last_edited=\"on|phone\" global_colors_info=\"{}\"][\/dsm_contact_form_7]","twitter_misc":{"Dur\u00e9e de lecture estim\u00e9e":"2 minutes"},"schema":{"@context":"https:\/\/schema.org","@graph":[{"@type":"WebPage","@id":"https:\/\/base-lab.be\/fr\/quiz-2025\/","url":"https:\/\/base-lab.be\/fr\/quiz-2025\/","name":"QUIZ 2025 - QUIZ 2025","isPartOf":{"@id":"https:\/\/base-lab.be\/fr\/#website"},"datePublished":"2025-03-08T15:48:22+00:00","dateModified":"2025-03-10T06:30:33+00:00","breadcrumb":{"@id":"https:\/\/base-lab.be\/fr\/quiz-2025\/#breadcrumb"},"inLanguage":"fr-FR","potentialAction":[{"@type":"ReadAction","target":["https:\/\/base-lab.be\/fr\/quiz-2025\/"]}]},{"@type":"BreadcrumbList","@id":"https:\/\/base-lab.be\/fr\/quiz-2025\/#breadcrumb","itemListElement":[{"@type":"ListItem","position":1,"name":"Home","item":"https:\/\/base-lab.be\/fr\/"},{"@type":"ListItem","position":2,"name":"QUIZ 2025"}]},{"@type":"WebSite","@id":"https:\/\/base-lab.be\/fr\/#website","url":"https:\/\/base-lab.be\/fr\/","name":"QUIZ 2025","description":"","potentialAction":[{"@type":"SearchAction","target":{"@type":"EntryPoint","urlTemplate":"https:\/\/base-lab.be\/fr\/?s={search_term_string}"},"query-input":{"@type":"PropertyValueSpecification","valueRequired":true,"valueName":"search_term_string"}}],"inLanguage":"fr-FR"}]}},"_links":{"self":[{"href":"https:\/\/base-lab.be\/fr\/wp-json\/wp\/v2\/pages\/213","targetHints":{"allow":["GET"]}}],"collection":[{"href":"https:\/\/base-lab.be\/fr\/wp-json\/wp\/v2\/pages"}],"about":[{"href":"https:\/\/base-lab.be\/fr\/wp-json\/wp\/v2\/types\/page"}],"author":[{"embeddable":true,"href":"https:\/\/base-lab.be\/fr\/wp-json\/wp\/v2\/users\/1"}],"replies":[{"embeddable":true,"href":"https:\/\/base-lab.be\/fr\/wp-json\/wp\/v2\/comments?post=213"}],"version-history":[{"count":1,"href":"https:\/\/base-lab.be\/fr\/wp-json\/wp\/v2\/pages\/213\/revisions"}],"predecessor-version":[{"id":214,"href":"https:\/\/base-lab.be\/fr\/wp-json\/wp\/v2\/pages\/213\/revisions\/214"}],"wp:attachment":[{"href":"https:\/\/base-lab.be\/fr\/wp-json\/wp\/v2\/media?parent=213"}],"curies":[{"name":"wp","href":"https:\/\/api.w.org\/{rel}","templated":true}]}}